{"id":645,"date":"2022-02-03T21:32:26","date_gmt":"2022-02-03T20:32:26","guid":{"rendered":"http:\/\/iksscaz.cluster031.hosting.ovh.net\/?page_id=645"},"modified":"2023-05-23T17:38:32","modified_gmt":"2023-05-23T15:38:32","slug":"mentions-legales","status":"publish","type":"page","link":"https:\/\/melissapontery.fr\/index.php\/mentions-legales\/","title":{"rendered":"Mentions l\u00e9gales"},"content":{"rendered":"\n<p>Mentions l\u00e9gales du site <a href=\"http:\/\/www.melissapontery.fr\" target=\"_blank\" rel=\"noreferrer noopener\">www.melissapontery.fr<\/a><\/p>\n\n\n\n<h5 class=\"wp-block-heading\"><strong>\u00c9diteur du site<\/strong> :<\/h5>\n\n\n\n<p class=\"has-small-font-size\">Site officiel de M\u00e9lissa Pont\u00e9ry, Romanci\u00e8re, R\u00e9dactrice pour les particuliers et Chroniqueuse litt\u00e9raire., \u00e0 Toulouse. <\/p>\n\n\n\n<p class=\"has-small-font-size\">Adresse de courrier \u00e9lectronique :\u00a0<a href=\"mailto:melissa.pontery.auteure@gmail.com\" target=\"_blank\" rel=\"noreferrer noopener\">melissa.pontery.auteure@gmail.com<\/a><\/p>\n\n\n\n<h5 class=\"wp-block-heading\"><strong>Directeur de la publication<\/strong> :<\/h5>\n\n\n\n<p class=\"has-small-font-size\">M\u00e9lissa Pont\u00e9ry, Romanci\u00e8re, R\u00e9dactrice pour les particuliers et Chroniqueuse litt\u00e9raire.<\/p>\n\n\n\n<h5 class=\"wp-block-heading\"><strong>Responsable de la r\u00e9daction<\/strong> :<\/h5>\n\n\n\n<p class=\"has-small-font-size\">M\u00e9lissa Pont\u00e9ry, R\u00e9dactrice et Webmaster. &nbsp;<\/p>\n\n\n\n<h5 class=\"wp-block-heading\"><strong>H\u00e9bergeur<\/strong> :<\/h5>\n\n\n\n<p class=\"has-small-font-size\">OVH SAS. 2 rue Kellermann &#8211; 59100 Roubaix &#8211; France.<\/p>\n\n\n\n<h5 class=\"wp-block-heading\"><strong>Conception et r\u00e9alisation<\/strong> :<\/h5>\n\n\n\n<p class=\"has-small-font-size\">M\u00e9lissa Pont\u00e9ry, avec WordPress.org.<\/p>\n\n\n\n<h5 class=\"wp-block-heading\"><strong>Cr\u00e9dits photos<\/strong> :<\/h5>\n\n\n\n<p class=\"has-small-font-size\">Les photos utilis\u00e9es sont fournies par M\u00e9lissa Pont\u00e9ry\u00a9, Julie Rivi\u00e8re Phitographie\u00a9, GettyImage\u00a9, I-stock\u00a9, Thinkstock\u00a9, Corbis Images\u00a9, Photoalto\u00a9, Photononstop\u00a9, Eyewire\u00a9, Goodshoot\u00a9, Les photos utilis\u00e9es sont fournies par M\u00e9lissa Pont\u00e9ry\u00a9, Julie Rivi\u00e8re Phitographie\u00a9, GettyImage\u00a9, I-stock\u00a9, Thinkstock\u00a9, Corbis Images\u00a9, Photoalto\u00a9, Photononstop\u00a9, Eyewire\u00a9, Goodshoot\u00a9, Pexel\u00a9 et Jupiterimages\u00a9<\/p>\n\n\n\n<p><\/p>\n\n\n\n<h5 class=\"wp-block-heading\">CONDITIONS G\u00c9N\u00c9RALES D\u2019UTILISATION<\/h5>\n\n\n\n<p class=\"has-small-font-size\">En acc\u00e9dant au pr\u00e9sent site Internet, et aux informations qu\u2019il contient, l\u2019internaute, ci-apr\u00e8s d\u00e9sign\u00e9 sous le terme \u00ab Utilisateur \u00bb, reconna\u00eet avoir pris connaissance des pr\u00e9sentes Conditions G\u00e9n\u00e9rales d\u2019Utilisation, ci-apr\u00e8s d\u00e9sign\u00e9es sous le terme \u00ab CGU \u00bb, et s\u2019engage \u00e0 les respecter. L\u2019\u00e9diteur se r\u00e9serve le droit de modifier les pr\u00e9sentes CGU \u00e0 tout moment afin, notamment, de les adapter aux \u00e9volutions du site. L\u2019Utilisateur s\u2019engage donc \u00e0 les consulter r\u00e9guli\u00e8rement. Il est r\u00e9put\u00e9 accepter cette derni\u00e8re version \u00e0 chaque nouvelle connexion au site.<\/p>\n\n\n\n<h5 class=\"wp-block-heading\"><strong>1. Propri\u00e9t\u00e9 intellectuelle<\/strong><\/h5>\n\n\n\n<p class=\"has-small-font-size\">Le pr\u00e9sent site Internet doit \u00eatre consid\u00e9r\u00e9 comme un tout indissociable. L&rsquo;ensemble des \u00e9l\u00e9ments y figurant (informations, donn\u00e9es, texte, sons, images, dessins, graphismes, signes distinctifs, logos, marques, etc.),<strong>&nbsp;est la propri\u00e9t\u00e9 exclusive de l&rsquo;\u00e9diteur ou de ses partenaires. Ces \u00e9l\u00e9ments sont soumis aux dispositions du Code de la propri\u00e9t\u00e9 intellectuelle.<\/strong>&nbsp;Ils sont, \u00e0 ce titre, prot\u00e9g\u00e9s contre toute utilisation non autoris\u00e9e par la loi ou par les pr\u00e9sentes conditions d&rsquo;utilisation.<\/p>\n\n\n\n<p class=\"has-small-font-size\">Le t\u00e9l\u00e9chargement, ou toute autre forme de copie, d&rsquo;informations pr\u00e9sentes sur le site ne conf\u00e8rent aucun droit sur ceux-ci. Il est strictement interdit de les reproduire (en tout ou partie), de les transmettre (\u00e9lectroniquement ou de quelque autre mani\u00e8re), et de les modifier. Il est \u00e9galement interdit d&rsquo;utiliser le pr\u00e9sent site \u00e0 des fins publiques ou commerciales sans l&rsquo;autorisation \u00e9crite pr\u00e9alable de l\u2019\u00e9diteur. <\/p>\n\n\n\n<p class=\"has-small-font-size\">Toute utilisation de contenu, accord\u00e9 par l&rsquo;\u00e9diteur au pr\u00e9alable, devra faire l&rsquo;objet du cr\u00e9dit suivant : <strong>\u00a9 M\u00e9lissa Pont\u00e9ry.<\/strong><\/p>\n\n\n\n<p class=\"has-small-font-size\">Le non-respect de cette interdiction constitue une contrefa\u00e7on susceptible d&rsquo;engager la responsabilit\u00e9 civile et p\u00e9nale du contrefacteur.<\/p>\n\n\n\n<h5 class=\"wp-block-heading\" id=\"protection-des-donnees-a-caractere-personnel\"><strong>2.<\/strong> <strong>Protection des donn\u00e9es \u00e0 caract\u00e8re personnel :<\/strong><\/h5>\n\n\n\n<p class=\"has-small-font-size\">Vos donn\u00e9es \u00e0 caract\u00e8re personnel collect\u00e9es dans ce formulaire par M\u00e9lissa Pont\u00e9ry, Auteure, en sa qualit\u00e9 de responsable de traitement, ont pour finalit\u00e9 la constitution d\u2019une liste de lecteurs, int\u00e9ress\u00e9s par l\u2019actualit\u00e9 de la romanci\u00e8re, ses \u0153uvres et ses \u00e9v\u00e9nements.<\/p>\n\n\n\n<p class=\"has-small-font-size\">Ce traitement est n\u00e9cessaire aux fins des int\u00e9r\u00eats l\u00e9gitimes, dans le respect de vos droits. L&rsquo;int\u00e9r\u00eat l\u00e9gitime M\u00e9lissa Pont\u00e9ry, Auteure est d&rsquo;assurer une relation optimale avec ses lecteurs. Vos donn\u00e9es seront supprim\u00e9es automatiquement \u00e0 l\u2019issue d\u2019une dur\u00e9e de cinq ans apr\u00e8s votre dernier contact. Vous pouvez \u00e0 tout moment, dans les conditions pr\u00e9vues par la r\u00e9glementation, acc\u00e9der aux informations vous concernant. Vous pouvez : <\/p>\n\n\n\n<ul class=\"has-small-font-size wp-block-list\">\n<li>les faire rectifier<\/li>\n\n\n\n<li>demander leur effacement<\/li>\n\n\n\n<li>la limitation de leur traitement<\/li>\n\n\n\n<li>communiquer des instructions sur leur sort. Ce cas concerne un d\u00e9c\u00e8s. <\/li>\n<\/ul>\n\n\n\n<p class=\"has-small-font-size\">A tout moment, vous pouvez vous opposer au traitement de vos donn\u00e9es pour des raisons tenant \u00e0 votre situation particuli\u00e8re. Pour cela, \u00e9crivez par email \u00e0\u00a0<a href=\"mailto:melissa.pontery.auteure@gmail.com\">melissa.pontery.auteure@gmail.com<\/a>, ou via le <a href=\"https:\/\/melissapontery.fr\/index.php\/contact\/\" target=\"_blank\" rel=\"noreferrer noopener\">formulaire de contact<\/a>. <\/p>\n\n\n\n<h5 class=\"wp-block-heading\">3. Devoir de correction :<\/h5>\n\n\n\n<p class=\"has-small-font-size\">En revanche, tout fait av\u00e9r\u00e9 d&rsquo;injure, de diffamation, d&rsquo;incitation \u00e0 la haine, \u00e0 la violence, au harc\u00e8lement ou \u00e0 la discrimination raciale envers l&rsquo;auteure, des individus ou des groupes d&rsquo;individus ne sera tol\u00e9r\u00e9. <\/p>\n\n\n\n<p class=\"has-small-font-size\">Cette r\u00e8gle s&rsquo;applique aux contenus (articles, vid\u00e9os, images,  et \u00e0 toute autre fonctionnalit\u00e9 du site <a href=\"http:\/\/melissa.pontery.auteure@gmail.com.\">www.melissapontery.fr<\/a> ainsi qu&rsquo;aux formulaires de contacts. <\/p>\n","protected":false},"excerpt":{"rendered":"<p>Mentions l\u00e9gales du site www.melissapontery.fr \u00c9diteur du site : Site officiel de M\u00e9lissa Pont\u00e9ry, Romanci\u00e8re, R\u00e9dactrice pour les particuliers et Chroniqueuse litt\u00e9raire., \u00e0 Toulouse. Adresse de courrier \u00e9lectronique :\u00a0melissa.pontery.auteure@gmail.com Directeur de la publication : M\u00e9lissa &hellip; <\/p>\n","protected":false},"author":1,"featured_media":0,"parent":0,"menu_order":0,"comment_status":"closed","ping_status":"closed","template":"","meta":{"footnotes":""},"class_list":["post-645","page","type-page","status-publish","hentry","latest_post"],"yoast_head":"<!-- This site is optimized with the Yoast SEO plugin v27.4 - https:\/\/yoast.com\/product\/yoast-seo-wordpress\/ -->\n<title>Mentions l\u00e9gales - M\u00e9lissa Pont\u00e9ry<\/title>\n<meta name=\"description\" content=\"Mentions l\u00e9gales du site www.melissapontery.fr - Vos donn\u00e9es \u00e0 caract\u00e8re personnel collect\u00e9es par M\u00e9lissa Pont\u00e9ry.\" \/>\n<meta name=\"robots\" content=\"index, follow, max-snippet:-1, max-image-preview:large, max-video-preview:-1\" \/>\n<link rel=\"canonical\" href=\"https:\/\/melissapontery.fr\/index.php\/mentions-legales\/\" \/>\n<meta property=\"og:locale\" content=\"fr_FR\" \/>\n<meta property=\"og:type\" content=\"article\" \/>\n<meta property=\"og:title\" content=\"Mentions l\u00e9gales - M\u00e9lissa Pont\u00e9ry\" \/>\n<meta property=\"og:description\" content=\"Mentions l\u00e9gales du site www.melissapontery.fr - Vos donn\u00e9es \u00e0 caract\u00e8re personnel collect\u00e9es par M\u00e9lissa Pont\u00e9ry.\" \/>\n<meta property=\"og:url\" content=\"https:\/\/melissapontery.fr\/index.php\/mentions-legales\/\" \/>\n<meta property=\"og:site_name\" content=\"M\u00e9lissa Pont\u00e9ry\" \/>\n<meta property=\"article:modified_time\" content=\"2023-05-23T15:38:32+00:00\" \/>\n<meta name=\"twitter:card\" content=\"summary_large_image\" \/>\n<meta name=\"twitter:label1\" content=\"Dur\u00e9e de lecture estim\u00e9e\" \/>\n\t<meta name=\"twitter:data1\" content=\"3 minutes\" \/>\n<script type=\"application\/ld+json\" class=\"yoast-schema-graph\">{\"@context\":\"https:\\\/\\\/schema.org\",\"@graph\":[{\"@type\":\"WebPage\",\"@id\":\"https:\\\/\\\/melissapontery.fr\\\/index.php\\\/mentions-legales\\\/\",\"url\":\"https:\\\/\\\/melissapontery.fr\\\/index.php\\\/mentions-legales\\\/\",\"name\":\"Mentions l\u00e9gales - M\u00e9lissa Pont\u00e9ry\",\"isPartOf\":{\"@id\":\"https:\\\/\\\/melissapontery.fr\\\/#website\"},\"datePublished\":\"2022-02-03T20:32:26+00:00\",\"dateModified\":\"2023-05-23T15:38:32+00:00\",\"description\":\"Mentions l\u00e9gales du site www.melissapontery.fr - Vos donn\u00e9es \u00e0 caract\u00e8re personnel collect\u00e9es par M\u00e9lissa Pont\u00e9ry.\",\"breadcrumb\":{\"@id\":\"https:\\\/\\\/melissapontery.fr\\\/index.php\\\/mentions-legales\\\/#breadcrumb\"},\"inLanguage\":\"fr-FR\",\"potentialAction\":[{\"@type\":\"ReadAction\",\"target\":[\"https:\\\/\\\/melissapontery.fr\\\/index.php\\\/mentions-legales\\\/\"]}]},{\"@type\":\"BreadcrumbList\",\"@id\":\"https:\\\/\\\/melissapontery.fr\\\/index.php\\\/mentions-legales\\\/#breadcrumb\",\"itemListElement\":[{\"@type\":\"ListItem\",\"position\":1,\"name\":\"Accueil\",\"item\":\"https:\\\/\\\/melissapontery.fr\\\/\"},{\"@type\":\"ListItem\",\"position\":2,\"name\":\"Mentions l\u00e9gales\"}]},{\"@type\":\"WebSite\",\"@id\":\"https:\\\/\\\/melissapontery.fr\\\/#website\",\"url\":\"https:\\\/\\\/melissapontery.fr\\\/\",\"name\":\"M\u00e9lissa Pont\u00e9ry\",\"description\":\"Autrice, R\u00e9dactrice et Lectrice\",\"publisher\":{\"@id\":\"https:\\\/\\\/melissapontery.fr\\\/#\\\/schema\\\/person\\\/879d99a7ed8522fc4c9aba2d2e3b615c\"},\"potentialAction\":[{\"@type\":\"SearchAction\",\"target\":{\"@type\":\"EntryPoint\",\"urlTemplate\":\"https:\\\/\\\/melissapontery.fr\\\/?s={search_term_string}\"},\"query-input\":{\"@type\":\"PropertyValueSpecification\",\"valueRequired\":true,\"valueName\":\"search_term_string\"}}],\"inLanguage\":\"fr-FR\"},{\"@type\":[\"Person\",\"Organization\"],\"@id\":\"https:\\\/\\\/melissapontery.fr\\\/#\\\/schema\\\/person\\\/879d99a7ed8522fc4c9aba2d2e3b615c\",\"name\":\"M\u00e9lissa Pont\u00e9ry\",\"image\":{\"@type\":\"ImageObject\",\"inLanguage\":\"fr-FR\",\"@id\":\"http:\\\/\\\/iksscaz.cluster031.hosting.ovh.net\\\/wp-content\\\/uploads\\\/2022\\\/02\\\/A-propos-5.png\",\"url\":\"http:\\\/\\\/iksscaz.cluster031.hosting.ovh.net\\\/wp-content\\\/uploads\\\/2022\\\/02\\\/A-propos-5.png\",\"contentUrl\":\"http:\\\/\\\/iksscaz.cluster031.hosting.ovh.net\\\/wp-content\\\/uploads\\\/2022\\\/02\\\/A-propos-5.png\",\"width\":550,\"height\":550,\"caption\":\"M\u00e9lissa Pont\u00e9ry\"},\"logo\":{\"@id\":\"http:\\\/\\\/iksscaz.cluster031.hosting.ovh.net\\\/wp-content\\\/uploads\\\/2022\\\/02\\\/A-propos-5.png\"},\"sameAs\":[\"https:\\\/\\\/www.melissapontery.fr\",\"@melissa.pontery.auteure\"]}]}<\/script>\n<!-- \/ Yoast SEO plugin. -->","yoast_head_json":{"title":"Mentions l\u00e9gales - M\u00e9lissa Pont\u00e9ry","description":"Mentions l\u00e9gales du site www.melissapontery.fr - Vos donn\u00e9es \u00e0 caract\u00e8re personnel collect\u00e9es par M\u00e9lissa Pont\u00e9ry.","robots":{"index":"index","follow":"follow","max-snippet":"max-snippet:-1","max-image-preview":"max-image-preview:large","max-video-preview":"max-video-preview:-1"},"canonical":"https:\/\/melissapontery.fr\/index.php\/mentions-legales\/","og_locale":"fr_FR","og_type":"article","og_title":"Mentions l\u00e9gales - M\u00e9lissa Pont\u00e9ry","og_description":"Mentions l\u00e9gales du site www.melissapontery.fr - Vos donn\u00e9es \u00e0 caract\u00e8re personnel collect\u00e9es par M\u00e9lissa Pont\u00e9ry.","og_url":"https:\/\/melissapontery.fr\/index.php\/mentions-legales\/","og_site_name":"M\u00e9lissa Pont\u00e9ry","article_modified_time":"2023-05-23T15:38:32+00:00","twitter_card":"summary_large_image","twitter_misc":{"Dur\u00e9e de lecture estim\u00e9e":"3 minutes"},"schema":{"@context":"https:\/\/schema.org","@graph":[{"@type":"WebPage","@id":"https:\/\/melissapontery.fr\/index.php\/mentions-legales\/","url":"https:\/\/melissapontery.fr\/index.php\/mentions-legales\/","name":"Mentions l\u00e9gales - M\u00e9lissa Pont\u00e9ry","isPartOf":{"@id":"https:\/\/melissapontery.fr\/#website"},"datePublished":"2022-02-03T20:32:26+00:00","dateModified":"2023-05-23T15:38:32+00:00","description":"Mentions l\u00e9gales du site www.melissapontery.fr - Vos donn\u00e9es \u00e0 caract\u00e8re personnel collect\u00e9es par M\u00e9lissa Pont\u00e9ry.","breadcrumb":{"@id":"https:\/\/melissapontery.fr\/index.php\/mentions-legales\/#breadcrumb"},"inLanguage":"fr-FR","potentialAction":[{"@type":"ReadAction","target":["https:\/\/melissapontery.fr\/index.php\/mentions-legales\/"]}]},{"@type":"BreadcrumbList","@id":"https:\/\/melissapontery.fr\/index.php\/mentions-legales\/#breadcrumb","itemListElement":[{"@type":"ListItem","position":1,"name":"Accueil","item":"https:\/\/melissapontery.fr\/"},{"@type":"ListItem","position":2,"name":"Mentions l\u00e9gales"}]},{"@type":"WebSite","@id":"https:\/\/melissapontery.fr\/#website","url":"https:\/\/melissapontery.fr\/","name":"M\u00e9lissa Pont\u00e9ry","description":"Autrice, R\u00e9dactrice et Lectrice","publisher":{"@id":"https:\/\/melissapontery.fr\/#\/schema\/person\/879d99a7ed8522fc4c9aba2d2e3b615c"},"potentialAction":[{"@type":"SearchAction","target":{"@type":"EntryPoint","urlTemplate":"https:\/\/melissapontery.fr\/?s={search_term_string}"},"query-input":{"@type":"PropertyValueSpecification","valueRequired":true,"valueName":"search_term_string"}}],"inLanguage":"fr-FR"},{"@type":["Person","Organization"],"@id":"https:\/\/melissapontery.fr\/#\/schema\/person\/879d99a7ed8522fc4c9aba2d2e3b615c","name":"M\u00e9lissa Pont\u00e9ry","image":{"@type":"ImageObject","inLanguage":"fr-FR","@id":"http:\/\/iksscaz.cluster031.hosting.ovh.net\/wp-content\/uploads\/2022\/02\/A-propos-5.png","url":"http:\/\/iksscaz.cluster031.hosting.ovh.net\/wp-content\/uploads\/2022\/02\/A-propos-5.png","contentUrl":"http:\/\/iksscaz.cluster031.hosting.ovh.net\/wp-content\/uploads\/2022\/02\/A-propos-5.png","width":550,"height":550,"caption":"M\u00e9lissa Pont\u00e9ry"},"logo":{"@id":"http:\/\/iksscaz.cluster031.hosting.ovh.net\/wp-content\/uploads\/2022\/02\/A-propos-5.png"},"sameAs":["https:\/\/www.melissapontery.fr","@melissa.pontery.auteure"]}]}},"_links":{"self":[{"href":"https:\/\/melissapontery.fr\/index.php\/wp-json\/wp\/v2\/pages\/645","targetHints":{"allow":["GET"]}}],"collection":[{"href":"https:\/\/melissapontery.fr\/index.php\/wp-json\/wp\/v2\/pages"}],"about":[{"href":"https:\/\/melissapontery.fr\/index.php\/wp-json\/wp\/v2\/types\/page"}],"author":[{"embeddable":true,"href":"https:\/\/melissapontery.fr\/index.php\/wp-json\/wp\/v2\/users\/1"}],"replies":[{"embeddable":true,"href":"https:\/\/melissapontery.fr\/index.php\/wp-json\/wp\/v2\/comments?post=645"}],"version-history":[{"count":0,"href":"https:\/\/melissapontery.fr\/index.php\/wp-json\/wp\/v2\/pages\/645\/revisions"}],"wp:attachment":[{"href":"https:\/\/melissapontery.fr\/index.php\/wp-json\/wp\/v2\/media?parent=645"}],"curies":[{"name":"wp","href":"https:\/\/api.w.org\/{rel}","templated":true}]}}