{"id":2158,"date":"2023-05-23T15:04:57","date_gmt":"2023-05-23T13:04:57","guid":{"rendered":"https:\/\/melissapontery.fr\/?page_id=2158"},"modified":"2023-05-23T15:30:20","modified_gmt":"2023-05-23T13:30:20","slug":"orage","status":"publish","type":"page","link":"https:\/\/melissapontery.fr\/index.php\/orage\/","title":{"rendered":"Orage"},"content":{"rendered":"\n<p class=\"has-white-color has-text-color\">La micronouvelle Orage traduit la facilit\u00e9 avec laquelle les gens s\u2019observent, se jugent, jusqu\u2019\u00e0 s\u2019affranchir de toutes convenances.<\/p>\n\n\n\n<div class=\"wp-block-columns is-layout-flex wp-container-core-columns-is-layout-9d6595d7 wp-block-columns-is-layout-flex\">\n<div class=\"wp-block-column is-layout-flow wp-block-column-is-layout-flow\">\n<div class=\"wp-block-columns is-layout-flex wp-container-core-columns-is-layout-9d6595d7 wp-block-columns-is-layout-flex\">\n<div class=\"wp-block-column is-layout-flow wp-block-column-is-layout-flow\">\n<p><a href=\"https:\/\/melissapontery.fr\/index.php\/nos-certitudes\/\">Pr\u00e9c\u00e9dent<\/a><\/p>\n<\/div>\n\n\n\n<div class=\"wp-block-column is-layout-flow wp-block-column-is-layout-flow\">\n<p class=\"has-text-align-right\"><a href=\"https:\/\/melissapontery.fr\/index.php\/linstant-present\/\">Suivant<\/a><\/p>\n<\/div>\n<\/div>\n<\/div>\n<\/div>\n\n\n\n<h2 class=\"wp-block-heading has-text-align-center\">Orage<\/h2>\n\n\n\n<p class=\"has-text-align-center\" style=\"text-transform:uppercase\">micronouvelle<\/p>\n\n\n\n<div class=\"wp-block-group\"><div class=\"wp-block-group__inner-container is-layout-constrained wp-block-group-is-layout-constrained\">\n<div class=\"wp-block-group\"><div class=\"wp-block-group__inner-container is-layout-constrained wp-block-group-is-layout-constrained\">\n<div class=\"wp-block-cover is-light has-custom-content-position is-position-center-left wp-duotone-unset-1\"><span aria-hidden=\"true\" class=\"wp-block-cover__background has-background-dim-0 has-background-dim\"><\/span><img loading=\"lazy\" decoding=\"async\" width=\"228\" height=\"60\" class=\"wp-block-cover__image-background wp-image-2006\" alt=\"\" src=\"https:\/\/melissapontery.fr\/wp-content\/uploads\/2023\/05\/Capture-decran-2023-05-22-a-16.13.48.png\" style=\"object-position:50% 50%\" data-object-fit=\"cover\" data-object-position=\"50% 50%\"\/><div class=\"wp-block-cover__inner-container is-layout-flow wp-block-cover-is-layout-flow\">\n<p class=\"has-small-font-size\"><\/p>\n\n\n\n<div class=\"wp-block-columns are-vertically-aligned-center is-layout-flex wp-container-core-columns-is-layout-9d6595d7 wp-block-columns-is-layout-flex\">\n<div class=\"wp-block-column is-vertically-aligned-center is-layout-flow wp-block-column-is-layout-flow\" style=\"flex-basis:33%\">\n<figure class=\"wp-block-image size-large\"><img loading=\"lazy\" decoding=\"async\" width=\"674\" height=\"1024\" src=\"https:\/\/melissapontery.fr\/wp-content\/uploads\/2023\/05\/Web-Couv-Orage-324x492-1-674x1024.png\" alt=\"Orage - Micronouvelle par M\u00e9lissa Pont\u00e9ry\" class=\"wp-image-2153\" srcset=\"https:\/\/melissapontery.fr\/wp-content\/uploads\/2023\/05\/Web-Couv-Orage-324x492-1-674x1024.png 674w, https:\/\/melissapontery.fr\/wp-content\/uploads\/2023\/05\/Web-Couv-Orage-324x492-1-600x911.png 600w, https:\/\/melissapontery.fr\/wp-content\/uploads\/2023\/05\/Web-Couv-Orage-324x492-1-198x300.png 198w, https:\/\/melissapontery.fr\/wp-content\/uploads\/2023\/05\/Web-Couv-Orage-324x492-1-768x1166.png 768w, https:\/\/melissapontery.fr\/wp-content\/uploads\/2023\/05\/Web-Couv-Orage-324x492-1-1012x1536.png 1012w, https:\/\/melissapontery.fr\/wp-content\/uploads\/2023\/05\/Web-Couv-Orage-324x492-1-1349x2048.png 1349w, https:\/\/melissapontery.fr\/wp-content\/uploads\/2023\/05\/Web-Couv-Orage-324x492-1-40x60.png 40w, https:\/\/melissapontery.fr\/wp-content\/uploads\/2023\/05\/Web-Couv-Orage-324x492-1-1320x2004.png 1320w, https:\/\/melissapontery.fr\/wp-content\/uploads\/2023\/05\/Web-Couv-Orage-324x492-1.png 1350w\" sizes=\"auto, (max-width: 674px) 100vw, 674px\" \/><\/figure>\n<\/div>\n\n\n\n<div class=\"wp-block-column is-vertically-aligned-center is-layout-flow wp-block-column-is-layout-flow\" style=\"flex-basis:67%\">\n<h4 class=\"wp-block-heading\"><em>Jusqu&rsquo;o\u00f9 ira son obsession ?<\/em><\/h4>\n\n\n\n<p><\/p>\n\n\n\n<p>\u00c0 mi-chemin entre passion amoureuse, et voyeurisme malsain, cette micronouvelle raconte l\u2019histoire d\u2019une beaut\u00e9 que l\u2019on regarde sans pouvoir la toucher.&nbsp;<\/p>\n\n\n\n<p><\/p>\n\n\n\n<p>D\u00e9rangeant, oppressant, \u00ab\u2009Orage\u2009\u00bb traduit la facilit\u00e9 d\u00e9concertante avec laquelle les gens s\u2019observent, se jugent, jusqu\u2019\u00e0 s\u2019affranchir de toutes convenances pour assouvir leurs envies sournoises.<\/p>\n\n\n\n<p><\/p>\n\n\n\n<p>Propos\u00e9 en 2020, dans le cadre du Prix litt\u00e9raire Au f\u00e9minin, organis\u00e9 chaque ann\u00e9e par Aufeminin.com et les \u00e9ditions Michel Lafon, ce texte s\u2019est class\u00e9 dans les vingt premiers, parmi plus de 1\u2009000 participations.<\/p>\n\n\n\n<p><\/p>\n\n\n\n<div class=\"wp-block-buttons is-content-justification-center is-layout-flex wp-container-core-buttons-is-layout-16018d1d wp-block-buttons-is-layout-flex\">\n<div class=\"wp-block-button has-custom-width wp-block-button__width-25 has-custom-font-size is-style-fill has-small-font-size\"><a class=\"wp-block-button__link has-background wp-element-button\" href=\"https:\/\/4c9bd954-5ff0-4832-8442-d3e1c0914af9.filesusr.com\/ugd\/f8391c_0cd606573af940ac8b8c66be82f5508b.pdf\" style=\"background-color:#cf846f\" target=\"_blank\" rel=\"noreferrer noopener\">Lire<\/a><\/div>\n<\/div>\n<\/div>\n<\/div>\n<\/div><\/div>\n<\/div><\/div>\n<\/div><\/div>\n","protected":false},"excerpt":{"rendered":"<p>La micronouvelle Orage traduit la facilit\u00e9 avec laquelle les gens s\u2019observent, se jugent, jusqu\u2019\u00e0 s\u2019affranchir de toutes convenances. Pr\u00e9c\u00e9dent Suivant Orage micronouvelle<\/p>\n","protected":false},"author":1,"featured_media":0,"parent":0,"menu_order":0,"comment_status":"closed","ping_status":"closed","template":"","meta":{"footnotes":""},"class_list":["post-2158","page","type-page","status-publish","hentry","latest_post"],"yoast_head":"<!-- This site is optimized with the Yoast SEO plugin v27.4 - https:\/\/yoast.com\/product\/yoast-seo-wordpress\/ -->\n<title>Orage - M\u00e9lissa Pont\u00e9ry<\/title>\n<meta name=\"description\" content=\"La micronouvelle Orage traduit la facilit\u00e9 avec laquelle les gens s\u2019observent, se jugent, jusqu\u2019\u00e0 s\u2019affranchir de toutes convenances.\" \/>\n<meta name=\"robots\" content=\"index, follow, max-snippet:-1, max-image-preview:large, max-video-preview:-1\" \/>\n<link rel=\"canonical\" href=\"https:\/\/melissapontery.fr\/index.php\/orage\/\" \/>\n<meta property=\"og:locale\" content=\"fr_FR\" \/>\n<meta property=\"og:type\" content=\"article\" \/>\n<meta property=\"og:title\" content=\"Orage - M\u00e9lissa Pont\u00e9ry\" \/>\n<meta property=\"og:description\" content=\"La micronouvelle Orage traduit la facilit\u00e9 avec laquelle les gens s\u2019observent, se jugent, jusqu\u2019\u00e0 s\u2019affranchir de toutes convenances.\" \/>\n<meta property=\"og:url\" content=\"https:\/\/melissapontery.fr\/index.php\/orage\/\" \/>\n<meta property=\"og:site_name\" content=\"M\u00e9lissa Pont\u00e9ry\" \/>\n<meta property=\"article:modified_time\" content=\"2023-05-23T13:30:20+00:00\" \/>\n<meta property=\"og:image\" content=\"https:\/\/melissapontery.fr\/wp-content\/uploads\/2023\/05\/Capture-decran-2023-05-22-a-16.13.48.png\" \/>\n<meta name=\"twitter:card\" content=\"summary_large_image\" \/>\n<meta name=\"twitter:label1\" content=\"Dur\u00e9e de lecture estim\u00e9e\" \/>\n\t<meta name=\"twitter:data1\" content=\"1 minute\" \/>\n<script type=\"application\/ld+json\" class=\"yoast-schema-graph\">{\"@context\":\"https:\\\/\\\/schema.org\",\"@graph\":[{\"@type\":\"WebPage\",\"@id\":\"https:\\\/\\\/melissapontery.fr\\\/index.php\\\/orage\\\/\",\"url\":\"https:\\\/\\\/melissapontery.fr\\\/index.php\\\/orage\\\/\",\"name\":\"Orage - M\u00e9lissa Pont\u00e9ry\",\"isPartOf\":{\"@id\":\"https:\\\/\\\/melissapontery.fr\\\/#website\"},\"primaryImageOfPage\":{\"@id\":\"https:\\\/\\\/melissapontery.fr\\\/index.php\\\/orage\\\/#primaryimage\"},\"image\":{\"@id\":\"https:\\\/\\\/melissapontery.fr\\\/index.php\\\/orage\\\/#primaryimage\"},\"thumbnailUrl\":\"https:\\\/\\\/melissapontery.fr\\\/wp-content\\\/uploads\\\/2023\\\/05\\\/Capture-decran-2023-05-22-a-16.13.48.png\",\"datePublished\":\"2023-05-23T13:04:57+00:00\",\"dateModified\":\"2023-05-23T13:30:20+00:00\",\"description\":\"La micronouvelle Orage traduit la facilit\u00e9 avec laquelle les gens s\u2019observent, se jugent, jusqu\u2019\u00e0 s\u2019affranchir de toutes convenances.\",\"breadcrumb\":{\"@id\":\"https:\\\/\\\/melissapontery.fr\\\/index.php\\\/orage\\\/#breadcrumb\"},\"inLanguage\":\"fr-FR\",\"potentialAction\":[{\"@type\":\"ReadAction\",\"target\":[\"https:\\\/\\\/melissapontery.fr\\\/index.php\\\/orage\\\/\"]}]},{\"@type\":\"ImageObject\",\"inLanguage\":\"fr-FR\",\"@id\":\"https:\\\/\\\/melissapontery.fr\\\/index.php\\\/orage\\\/#primaryimage\",\"url\":\"https:\\\/\\\/melissapontery.fr\\\/wp-content\\\/uploads\\\/2023\\\/05\\\/Capture-decran-2023-05-22-a-16.13.48.png\",\"contentUrl\":\"https:\\\/\\\/melissapontery.fr\\\/wp-content\\\/uploads\\\/2023\\\/05\\\/Capture-decran-2023-05-22-a-16.13.48.png\",\"width\":228,\"height\":60},{\"@type\":\"BreadcrumbList\",\"@id\":\"https:\\\/\\\/melissapontery.fr\\\/index.php\\\/orage\\\/#breadcrumb\",\"itemListElement\":[{\"@type\":\"ListItem\",\"position\":1,\"name\":\"Accueil\",\"item\":\"https:\\\/\\\/melissapontery.fr\\\/\"},{\"@type\":\"ListItem\",\"position\":2,\"name\":\"Orage\"}]},{\"@type\":\"WebSite\",\"@id\":\"https:\\\/\\\/melissapontery.fr\\\/#website\",\"url\":\"https:\\\/\\\/melissapontery.fr\\\/\",\"name\":\"M\u00e9lissa Pont\u00e9ry\",\"description\":\"Autrice, R\u00e9dactrice et Lectrice\",\"publisher\":{\"@id\":\"https:\\\/\\\/melissapontery.fr\\\/#\\\/schema\\\/person\\\/879d99a7ed8522fc4c9aba2d2e3b615c\"},\"potentialAction\":[{\"@type\":\"SearchAction\",\"target\":{\"@type\":\"EntryPoint\",\"urlTemplate\":\"https:\\\/\\\/melissapontery.fr\\\/?s={search_term_string}\"},\"query-input\":{\"@type\":\"PropertyValueSpecification\",\"valueRequired\":true,\"valueName\":\"search_term_string\"}}],\"inLanguage\":\"fr-FR\"},{\"@type\":[\"Person\",\"Organization\"],\"@id\":\"https:\\\/\\\/melissapontery.fr\\\/#\\\/schema\\\/person\\\/879d99a7ed8522fc4c9aba2d2e3b615c\",\"name\":\"M\u00e9lissa Pont\u00e9ry\",\"image\":{\"@type\":\"ImageObject\",\"inLanguage\":\"fr-FR\",\"@id\":\"http:\\\/\\\/iksscaz.cluster031.hosting.ovh.net\\\/wp-content\\\/uploads\\\/2022\\\/02\\\/A-propos-5.png\",\"url\":\"http:\\\/\\\/iksscaz.cluster031.hosting.ovh.net\\\/wp-content\\\/uploads\\\/2022\\\/02\\\/A-propos-5.png\",\"contentUrl\":\"http:\\\/\\\/iksscaz.cluster031.hosting.ovh.net\\\/wp-content\\\/uploads\\\/2022\\\/02\\\/A-propos-5.png\",\"width\":550,\"height\":550,\"caption\":\"M\u00e9lissa Pont\u00e9ry\"},\"logo\":{\"@id\":\"http:\\\/\\\/iksscaz.cluster031.hosting.ovh.net\\\/wp-content\\\/uploads\\\/2022\\\/02\\\/A-propos-5.png\"},\"sameAs\":[\"https:\\\/\\\/www.melissapontery.fr\",\"@melissa.pontery.auteure\"]}]}<\/script>\n<!-- \/ Yoast SEO plugin. -->","yoast_head_json":{"title":"Orage - M\u00e9lissa Pont\u00e9ry","description":"La micronouvelle Orage traduit la facilit\u00e9 avec laquelle les gens s\u2019observent, se jugent, jusqu\u2019\u00e0 s\u2019affranchir de toutes convenances.","robots":{"index":"index","follow":"follow","max-snippet":"max-snippet:-1","max-image-preview":"max-image-preview:large","max-video-preview":"max-video-preview:-1"},"canonical":"https:\/\/melissapontery.fr\/index.php\/orage\/","og_locale":"fr_FR","og_type":"article","og_title":"Orage - M\u00e9lissa Pont\u00e9ry","og_description":"La micronouvelle Orage traduit la facilit\u00e9 avec laquelle les gens s\u2019observent, se jugent, jusqu\u2019\u00e0 s\u2019affranchir de toutes convenances.","og_url":"https:\/\/melissapontery.fr\/index.php\/orage\/","og_site_name":"M\u00e9lissa Pont\u00e9ry","article_modified_time":"2023-05-23T13:30:20+00:00","og_image":[{"url":"https:\/\/melissapontery.fr\/wp-content\/uploads\/2023\/05\/Capture-decran-2023-05-22-a-16.13.48.png","type":"","width":"","height":""}],"twitter_card":"summary_large_image","twitter_misc":{"Dur\u00e9e de lecture estim\u00e9e":"1 minute"},"schema":{"@context":"https:\/\/schema.org","@graph":[{"@type":"WebPage","@id":"https:\/\/melissapontery.fr\/index.php\/orage\/","url":"https:\/\/melissapontery.fr\/index.php\/orage\/","name":"Orage - M\u00e9lissa Pont\u00e9ry","isPartOf":{"@id":"https:\/\/melissapontery.fr\/#website"},"primaryImageOfPage":{"@id":"https:\/\/melissapontery.fr\/index.php\/orage\/#primaryimage"},"image":{"@id":"https:\/\/melissapontery.fr\/index.php\/orage\/#primaryimage"},"thumbnailUrl":"https:\/\/melissapontery.fr\/wp-content\/uploads\/2023\/05\/Capture-decran-2023-05-22-a-16.13.48.png","datePublished":"2023-05-23T13:04:57+00:00","dateModified":"2023-05-23T13:30:20+00:00","description":"La micronouvelle Orage traduit la facilit\u00e9 avec laquelle les gens s\u2019observent, se jugent, jusqu\u2019\u00e0 s\u2019affranchir de toutes convenances.","breadcrumb":{"@id":"https:\/\/melissapontery.fr\/index.php\/orage\/#breadcrumb"},"inLanguage":"fr-FR","potentialAction":[{"@type":"ReadAction","target":["https:\/\/melissapontery.fr\/index.php\/orage\/"]}]},{"@type":"ImageObject","inLanguage":"fr-FR","@id":"https:\/\/melissapontery.fr\/index.php\/orage\/#primaryimage","url":"https:\/\/melissapontery.fr\/wp-content\/uploads\/2023\/05\/Capture-decran-2023-05-22-a-16.13.48.png","contentUrl":"https:\/\/melissapontery.fr\/wp-content\/uploads\/2023\/05\/Capture-decran-2023-05-22-a-16.13.48.png","width":228,"height":60},{"@type":"BreadcrumbList","@id":"https:\/\/melissapontery.fr\/index.php\/orage\/#breadcrumb","itemListElement":[{"@type":"ListItem","position":1,"name":"Accueil","item":"https:\/\/melissapontery.fr\/"},{"@type":"ListItem","position":2,"name":"Orage"}]},{"@type":"WebSite","@id":"https:\/\/melissapontery.fr\/#website","url":"https:\/\/melissapontery.fr\/","name":"M\u00e9lissa Pont\u00e9ry","description":"Autrice, R\u00e9dactrice et Lectrice","publisher":{"@id":"https:\/\/melissapontery.fr\/#\/schema\/person\/879d99a7ed8522fc4c9aba2d2e3b615c"},"potentialAction":[{"@type":"SearchAction","target":{"@type":"EntryPoint","urlTemplate":"https:\/\/melissapontery.fr\/?s={search_term_string}"},"query-input":{"@type":"PropertyValueSpecification","valueRequired":true,"valueName":"search_term_string"}}],"inLanguage":"fr-FR"},{"@type":["Person","Organization"],"@id":"https:\/\/melissapontery.fr\/#\/schema\/person\/879d99a7ed8522fc4c9aba2d2e3b615c","name":"M\u00e9lissa Pont\u00e9ry","image":{"@type":"ImageObject","inLanguage":"fr-FR","@id":"http:\/\/iksscaz.cluster031.hosting.ovh.net\/wp-content\/uploads\/2022\/02\/A-propos-5.png","url":"http:\/\/iksscaz.cluster031.hosting.ovh.net\/wp-content\/uploads\/2022\/02\/A-propos-5.png","contentUrl":"http:\/\/iksscaz.cluster031.hosting.ovh.net\/wp-content\/uploads\/2022\/02\/A-propos-5.png","width":550,"height":550,"caption":"M\u00e9lissa Pont\u00e9ry"},"logo":{"@id":"http:\/\/iksscaz.cluster031.hosting.ovh.net\/wp-content\/uploads\/2022\/02\/A-propos-5.png"},"sameAs":["https:\/\/www.melissapontery.fr","@melissa.pontery.auteure"]}]}},"_links":{"self":[{"href":"https:\/\/melissapontery.fr\/index.php\/wp-json\/wp\/v2\/pages\/2158","targetHints":{"allow":["GET"]}}],"collection":[{"href":"https:\/\/melissapontery.fr\/index.php\/wp-json\/wp\/v2\/pages"}],"about":[{"href":"https:\/\/melissapontery.fr\/index.php\/wp-json\/wp\/v2\/types\/page"}],"author":[{"embeddable":true,"href":"https:\/\/melissapontery.fr\/index.php\/wp-json\/wp\/v2\/users\/1"}],"replies":[{"embeddable":true,"href":"https:\/\/melissapontery.fr\/index.php\/wp-json\/wp\/v2\/comments?post=2158"}],"version-history":[{"count":0,"href":"https:\/\/melissapontery.fr\/index.php\/wp-json\/wp\/v2\/pages\/2158\/revisions"}],"wp:attachment":[{"href":"https:\/\/melissapontery.fr\/index.php\/wp-json\/wp\/v2\/media?parent=2158"}],"curies":[{"name":"wp","href":"https:\/\/api.w.org\/{rel}","templated":true}]}}